{"id":15140,"date":"2017-04-15T17:40:41","date_gmt":"2017-04-15T15:40:41","guid":{"rendered":"http:\/\/lesoeuvresdejesuschrist.org\/?page_id=15140"},"modified":"2017-04-16T18:12:52","modified_gmt":"2017-04-16T16:12:52","slug":"associations","status":"publish","type":"page","link":"https:\/\/lesoeuvresdejesuschrist.org\/index.php\/associations\/","title":{"rendered":"Associations"},"content":{"rendered":"<p>[vc_row 0=\u00a0\u00bb\u00a0\u00bb][vc_column 0=\u00a0\u00bb\u00a0\u00bb][vc_row_inner css=\u00a0\u00bb.vc_custom_1492357426994{background-color: #f2f2f2 !important;}\u00a0\u00bb][vc_column_inner width=\u00a0\u00bb1\/4&Prime;][vc_single_image image=\u00a0\u00bb15125&Prime; img_size=\u00a0\u00bb400&#215;300&Prime;][\/vc_column_inner][vc_column_inner width=\u00a0\u00bb3\/4&Prime;][vc_column_text 0=\u00a0\u00bb\u00a0\u00bb]<strong>\u00a0Le Pain Quotidien<\/strong><\/p>\n<p>\u00ab\u00a0Le Pain Quotidien\u00a0\u00bb est une association caritative chr\u00e9tienne de loi 1901, cr\u00e9\u00e9e en 2002 et d\u00e9clar\u00e9e \u00e0 la pr\u00e9fecture d\u2019Evry (91) en France dont les actions ont pour but de porter des actions concr\u00e8tes dans un monde en d\u00e9tresse.<\/p>\n<p><b>Adresse :<\/b> 5 Avenue de l\u2019Orme \u00c0 Martin 91080 Courcouronnes<br \/>\n<b>T\u00e9l\u00e9phone :<\/b> 06 69 33 52 30<br \/>\n<b>Mail :<\/b> pain.quotidien.association@gmail.com<\/p>\n<p>www.painquotidien.org[\/vc_column_text][\/vc_column_inner][\/vc_row_inner][vc_row_inner][vc_column_inner width=\u00a0\u00bb3\/4&Prime;][vc_column_text el_class=\u00a0\u00bbwhite\u00a0\u00bb]<strong>\u00c9LAN SOLID\u2019AIR<br \/>\n<\/strong><\/p>\n<p><strong>Adresse : <\/strong>44 Rue de la Gavacherie, 79000 Niort, FRANCE.<\/p>\n<p><strong>T\u00e9l\u00e9phone\u00a0:<\/strong> 0633234226 \/ 0954643498 \/ 0669677180<strong><br \/>\n<\/strong><\/p>\n<p><strong>Mail :<\/strong>\u00a0painquotidien.niort@yahoo.fr[\/vc_column_text][\/vc_column_inner][vc_column_inner width=\u00a0\u00bb1\/4&Prime;][vc_single_image image=\u00a0\u00bb15122&Prime; img_size=\u00a0\u00bb400&#215;300&Prime; css=\u00a0\u00bb.vc_custom_1492358766770{background-color: #6b96bf !important;}\u00a0\u00bb][\/vc_column_inner][\/vc_row_inner][vc_row_inner 0=\u00a0\u00bb\u00a0\u00bb css=\u00a0\u00bb.vc_custom_1492359097993{background-color: #f2f2f2 !important;}\u00a0\u00bb][vc_column_inner width=\u00a0\u00bb1\/4&Prime;][vc_single_image image=\u00a0\u00bb15103&Prime; img_size=\u00a0\u00bb400&#215;300&Prime; css=\u00a0\u00bb.vc_custom_1492358900092{background-color: #6b96bf !important;}\u00a0\u00bb][\/vc_column_inner][vc_column_inner width=\u00a0\u00bb3\/4&Prime;][vc_column_text]<strong>L\u2019\u00c9picerie de vie<\/strong><\/p>\n<p><strong>Adresse : <\/strong>44 Rue Schoelcher 97110 POINTE A PITRE\u00a0(Au dessus de La Librairie G\u00e9n\u00e9rale)<\/p>\n<p>Les horaires de \u00c9picerie de vie de Pointe-\u00e0-Pitre et la r\u00e9ception aux permanences sont:<\/p>\n<p><strong>Mercredi uniquement sur rendez-vous,<\/strong><\/p>\n<p><strong>Samedi de 14h30 \u00e0 16h30 (sauf 2\u00e8me samedi du mois o\u00f9 nous serons ferm\u00e9s)<\/strong><\/p>\n<p>Pour tout contact hors de ces horaires, ou pour l\u2019ouverture de la porte,<br \/>\nveuillez nous <strong>contacter par t\u00e9l\u00e9phone: 0690 94 19 65 ou 0590 10 20 71.<\/strong>[\/vc_column_text][\/vc_column_inner][\/vc_row_inner][vc_row_inner 0=\u00a0\u00bb\u00a0\u00bb][vc_column_inner width=\u00a0\u00bb3\/4&Prime;][\/vc_column_inner][vc_column_inner width=\u00a0\u00bb1\/4&Prime;][\/vc_column_inner][\/vc_row_inner][vc_row_inner 0=\u00a0\u00bb\u00a0\u00bb][vc_column_inner width=\u00a0\u00bb1\/4&Prime;][\/vc_column_inner][vc_column_inner width=\u00a0\u00bb3\/4&Prime;][\/vc_column_inner][\/vc_row_inner][\/vc_column][\/vc_row]<\/p>\n","protected":false},"excerpt":{"rendered":"<p>[vc_row 0=\u00a0\u00bb\u00a0\u00bb][vc_column 0=\u00a0\u00bb\u00a0\u00bb][vc_row_inner css=\u00a0\u00bb.vc_custom_1492357426994{background-color: #f2f2f2 !important;}\u00a0\u00bb][vc_column_inner width=\u00a0\u00bb1\/4&Prime;][vc_single_image image=\u00a0\u00bb15125&Prime; img_size=\u00a0\u00bb400&#215;300&Prime;][\/vc_column_inner][vc_column_inner width=\u00a0\u00bb3\/4&Prime;][vc_column_text 0=\u00a0\u00bb\u00a0\u00bb]\u00a0Le Pain Quotidien \u00ab\u00a0Le Pain Quotidien\u00a0\u00bb est une association caritative chr\u00e9tienne de loi 1901, cr\u00e9\u00e9e en 2002 et d\u00e9clar\u00e9e \u00e0 la pr\u00e9fecture d\u2019Evry (91) en France dont les actions ont pour but de porter des actions concr\u00e8tes dans un monde en d\u00e9tresse. Adresse : 5&hellip;<\/p>\n","protected":false},"author":2,"featured_media":0,"parent":0,"menu_order":0,"comment_status":"closed","ping_status":"closed","template":"","meta":[],"_links":{"self":[{"href":"https:\/\/lesoeuvresdejesuschrist.org\/index.php\/wp-json\/wp\/v2\/pages\/15140"}],"collection":[{"href":"https:\/\/lesoeuvresdejesuschrist.org\/index.php\/wp-json\/wp\/v2\/pages"}],"about":[{"href":"https:\/\/lesoeuvresdejesuschrist.org\/index.php\/wp-json\/wp\/v2\/types\/page"}],"author":[{"embeddable":true,"href":"https:\/\/lesoeuvresdejesuschrist.org\/index.php\/wp-json\/wp\/v2\/users\/2"}],"replies":[{"embeddable":true,"href":"https:\/\/lesoeuvresdejesuschrist.org\/index.php\/wp-json\/wp\/v2\/comments?post=15140"}],"version-history":[{"count":21,"href":"https:\/\/lesoeuvresdejesuschrist.org\/index.php\/wp-json\/wp\/v2\/pages\/15140\/revisions"}],"predecessor-version":[{"id":15205,"href":"https:\/\/lesoeuvresdejesuschrist.org\/index.php\/wp-json\/wp\/v2\/pages\/15140\/revisions\/15205"}],"wp:attachment":[{"href":"https:\/\/lesoeuvresdejesuschrist.org\/index.php\/wp-json\/wp\/v2\/media?parent=15140"}],"curies":[{"name":"wp","href":"https:\/\/api.w.org\/{rel}","templated":true}]}}